{"id":665,"date":"2018-05-23T12:45:57","date_gmt":"2018-05-23T12:45:57","guid":{"rendered":"http:\/\/pact-eu.org\/?page_id=665"},"modified":"2018-05-24T09:23:44","modified_gmt":"2018-05-24T09:23:44","slug":"imprint","status":"publish","type":"page","link":"https:\/\/pact-eu.org\/index.php\/imprint\/","title":{"rendered":"Imprint"},"content":{"rendered":"<p>BUPNET \u2013 Bildung und Projekt Netzwerk GmbH<br \/>\nAm Leinekanal 4<br \/>\nD-37073 G\u00f6ttingen<\/p>\n<p>Phone: 0551 54707-0<br \/>\nFax: 0551 54707-17<br \/>\nE-Mail: info@bupnet.de<\/p>\n<p>Chairman: Klaus-Peter M\u00fcller<br \/>\nRegister: Amtsgericht G\u00f6ttingen, HRB 2717<br \/>\nVAT-ID: DE184256088<\/p>\n<p>Responsible for content according to \u00a755 Abs. 2 RStV:<br \/>\nKlaus-Peter M\u00fcller<br \/>\nBUPNET \u2013 Bildung und Projekt Netzwerk GmbH<br \/>\nAm Leinekanal 4<br \/>\nD-37073 G\u00f6ttingen<\/p>\n<p>Disclaimer<br \/>\nWe can not guarantee that the information provided on this website is complete, correct and up-to-date in any case.<br \/>\nAlthough we have checked the content before, we do not accept any liability for the content of external websites we are linking to. Responsible for content on linked pages are always the providers or operators of these websites. If you notice any illegal or other inappropriate content on a linked page, we ask for a note, so that we can delete the link.<\/p>\n","protected":false},"excerpt":{"rendered":"<p>BUPNET \u2013 Bildung und Projekt Netzwerk GmbH Am Leinekanal 4 D-37073 G\u00f6ttingen Phone: 0551 54707-0 Fax: 0551 54707-17 E-Mail: info@bupnet.de Chairman: Klaus-Peter M\u00fcller Register: Amtsgericht G\u00f6ttingen, HRB 2717 VAT-ID: DE184256088 Responsible for content according to \u00a755 Abs. 2 RStV: Klaus-Peter M\u00fcller BUPNET \u2013 Bildung und Projekt Netzwerk GmbH Am Leinekanal 4 D-37073 G\u00f6ttingen Disclaimer We &hellip; <a href=\"https:\/\/pact-eu.org\/index.php\/imprint\/\" class=\"more-link\">Continue reading<span class=\"screen-reader-text\"> &#8220;Imprint&#8221;<\/span><\/a><\/p>\n","protected":false},"author":1,"featured_media":0,"parent":0,"menu_order":0,"comment_status":"closed","ping_status":"closed","template":"","meta":{"footnotes":""},"class_list":["post-665","page","type-page","status-publish","hentry"],"_links":{"self":[{"href":"https:\/\/pact-eu.org\/index.php\/wp-json\/wp\/v2\/pages\/665","targetHints":{"allow":["GET"]}}],"collection":[{"href":"https:\/\/pact-eu.org\/index.php\/wp-json\/wp\/v2\/pages"}],"about":[{"href":"https:\/\/pact-eu.org\/index.php\/wp-json\/wp\/v2\/types\/page"}],"author":[{"embeddable":true,"href":"https:\/\/pact-eu.org\/index.php\/wp-json\/wp\/v2\/users\/1"}],"replies":[{"embeddable":true,"href":"https:\/\/pact-eu.org\/index.php\/wp-json\/wp\/v2\/comments?post=665"}],"version-history":[{"count":3,"href":"https:\/\/pact-eu.org\/index.php\/wp-json\/wp\/v2\/pages\/665\/revisions"}],"predecessor-version":[{"id":673,"href":"https:\/\/pact-eu.org\/index.php\/wp-json\/wp\/v2\/pages\/665\/revisions\/673"}],"wp:attachment":[{"href":"https:\/\/pact-eu.org\/index.php\/wp-json\/wp\/v2\/media?parent=665"}],"curies":[{"name":"wp","href":"https:\/\/api.w.org\/{rel}","templated":true}]}}