{"id":27,"date":"2017-10-16T07:09:19","date_gmt":"2017-10-16T07:09:19","guid":{"rendered":"http:\/\/pact-eu.org\/?page_id=27"},"modified":"2017-10-16T07:09:19","modified_gmt":"2017-10-16T07:09:19","slug":"local-stakeholders-germany","status":"publish","type":"page","link":"https:\/\/pact-eu.org\/index.php\/partners\/bupnet-gmbh\/local-stakeholders-germany\/","title":{"rendered":"LOCAL STAKEHOLDERS GERMANY"},"content":{"rendered":"<p class=\"bodytext\"><b>Frauen Notruf e.V.<\/b><br \/>\n<a class=\"external-link-new-window\" title=\"Frauen Notruf in G\u00f6ttingen\" href=\"http:\/\/www.frauen-notruf-goettingen.de\/\" target=\"_blank\" rel=\"noopener\">www.frauen-notruf-goettingen.de<\/a><br \/>\nEmergency Help for Women, G\u00f6ttingen<br \/>\nCounselling and professional centre for sexual abuse and domestic violence<\/p>\n<p class=\"bodytext\">\n<b>Frauenhaus G\u00f6ttingen e.V.<\/b><br \/>\n<a class=\"external-link-new-window\" title=\"Frauenhaus G\u00f6ttingen e.V.\" href=\"http:\/\/www.frauenhaus-goettingen.de\/\" target=\"_blank\" rel=\"noopener\">www.frauenhaus-goettingen.de<\/a><br \/>\nWomen shelter in G\u00f6ttingen. Anonymous place of refuge for women affected by violence and their children.<\/p>\n<p class=\"bodytext\"><b>WoGe e.V.<\/b><br \/>\n<a class=\"external-link-new-window\" title=\"Wege ohne Gewalt, G\u00f6ttingen\" href=\"http:\/\/www.woge-goettingen.de\/\" target=\"_blank\" rel=\"noopener\">www.woge-goettingen.de<\/a><br \/>\nWege ohne Gewalt, G\u00f6ttingen (Ways without Violence)<\/p>\n<p class=\"bodytext\"><b>Crime Prevention Council of Lower Saxony (CPC)<\/b><br \/>\n<a href=\"http:\/\/www.lpr.niedersachsen.de\/nano.cms\/de\/Aktivitaeten?XAction=Details&amp;XID=34\" target=\"_blank\" rel=\"noopener\">http:\/\/www.lpr.niedersachsen.de\/nano.cms\/de\/Aktivitaeten?XAction=Details&amp;XID=34<\/a><br \/>\nOffice of coordination &#8220;domestic violence&#8221;<\/p>\n","protected":false},"excerpt":{"rendered":"<p>Frauen Notruf e.V. www.frauen-notruf-goettingen.de Emergency Help for Women, G\u00f6ttingen Counselling and professional centre for sexual abuse and domestic violence Frauenhaus G\u00f6ttingen e.V. www.frauenhaus-goettingen.de Women shelter in G\u00f6ttingen. Anonymous place of refuge for women affected by violence and their children. WoGe e.V. www.woge-goettingen.de Wege ohne Gewalt, G\u00f6ttingen (Ways without Violence) Crime Prevention Council of Lower Saxony &hellip; <a href=\"https:\/\/pact-eu.org\/index.php\/partners\/bupnet-gmbh\/local-stakeholders-germany\/\" class=\"more-link\">Continue reading<span class=\"screen-reader-text\"> &#8220;LOCAL STAKEHOLDERS GERMANY&#8221;<\/span><\/a><\/p>\n","protected":false},"author":1,"featured_media":0,"parent":25,"menu_order":0,"comment_status":"closed","ping_status":"closed","template":"","meta":{"footnotes":""},"class_list":["post-27","page","type-page","status-publish","hentry"],"_links":{"self":[{"href":"https:\/\/pact-eu.org\/index.php\/wp-json\/wp\/v2\/pages\/27","targetHints":{"allow":["GET"]}}],"collection":[{"href":"https:\/\/pact-eu.org\/index.php\/wp-json\/wp\/v2\/pages"}],"about":[{"href":"https:\/\/pact-eu.org\/index.php\/wp-json\/wp\/v2\/types\/page"}],"author":[{"embeddable":true,"href":"https:\/\/pact-eu.org\/index.php\/wp-json\/wp\/v2\/users\/1"}],"replies":[{"embeddable":true,"href":"https:\/\/pact-eu.org\/index.php\/wp-json\/wp\/v2\/comments?post=27"}],"version-history":[{"count":1,"href":"https:\/\/pact-eu.org\/index.php\/wp-json\/wp\/v2\/pages\/27\/revisions"}],"predecessor-version":[{"id":28,"href":"https:\/\/pact-eu.org\/index.php\/wp-json\/wp\/v2\/pages\/27\/revisions\/28"}],"up":[{"embeddable":true,"href":"https:\/\/pact-eu.org\/index.php\/wp-json\/wp\/v2\/pages\/25"}],"wp:attachment":[{"href":"https:\/\/pact-eu.org\/index.php\/wp-json\/wp\/v2\/media?parent=27"}],"curies":[{"name":"wp","href":"https:\/\/api.w.org\/{rel}","templated":true}]}}